{"id":2428,"date":"2016-08-18T14:52:45","date_gmt":"2016-08-18T14:52:45","guid":{"rendered":"http:\/\/kosmetik-taucha.de\/?page_id=2428"},"modified":"2024-06-04T09:27:41","modified_gmt":"2024-06-04T09:27:41","slug":"contact","status":"publish","type":"page","link":"https:\/\/kosmetik-taucha.de\/?page_id=2428","title":{"rendered":"Kontakt"},"content":{"rendered":"<div class='grid_row_content'><div class='row_bg cws-container no-cusomize-bg' ><div class='grid_row clearfix'><div class=\"\"><div class='grid_col grid_col_12'><div class=\"cols_wrapper\"><div class=\"widget_wrapper\"><div class='ce clearfix'><div class='cws_wrapper_container' >\n<h1 class=\"ce_title\" style=\"margin-top: 0px;\">So erreichen Sie Beauty &amp; Balance<\/h1>\n<\/div><\/div><\/div><\/div><\/div><\/div><div class=\"\"><div class='grid_col grid_col_4'><div class=\"cols_wrapper\"><div class=\"widget_wrapper\"><div class='ce clearfix'><div class='banners-wrapper' ><div class=\"wrapper-circle\"><div class=\"wrapper-circle-offers ih-item circle style-offers-four effect5\"><a href=\"#\" class=\"pic_alt\"><div class=\"info-offers pic_alt\"><div class=\"item_content info\" ><div class=\"info-back\" ><div class=\"post_info\"><div class=\"title\"><div class=\"title_part\">Behandlungszeiten<\/div><\/div><div class=\"desc_part\">Montag - Freitag\r\n\r\n10:00 - 18:00\r\n<\/div><\/div><\/div><\/div><div class='img_cont img'><img decoding=\"async\" src=\"https:\/\/kosmetik-taucha.de\/wp-content\/uploads\/2016\/08\/blog_9-370x370.jpg\" alt=\"\" class=\"attachment-new-size size-new-size\"><\/div><\/div><\/a><\/div><\/div><\/div><\/div><\/div><\/div><\/div><div class='grid_col grid_col_4'><div class=\"cols_wrapper\"><div class=\"widget_wrapper\"><div class='ce clearfix'><div class='banners-wrapper' ><div class=\"wrapper-circle\"><div class=\"wrapper-circle-offers no_hover style-offers-four\"><a href=\"#\" class=\"pic_alt\"><div class=\"info-offers pic_alt\"><div class=\"item_content info\" ><div class=\"post_info\"><div class=\"title\"><div class=\"title_part\">Behandlungszeiten<\/div><\/div><div class=\"desc_part\">Montag - Freitag\r\n\r\n10:00 - 18:00\r\n<\/div><\/div><\/div><div class='img_cont img'><img decoding=\"async\" src=\"https:\/\/kosmetik-taucha.de\/wp-content\/uploads\/2016\/08\/blog_9-370x370.jpg\" alt=\"\" class=\"attachment-new-size size-new-size\"><\/div><\/div><\/a><\/div><\/div><\/div><\/div><\/div><\/div><\/div><div class='grid_col grid_col_4'><div class=\"cols_wrapper\"><div class=\"widget_wrapper\"><div class='ce clearfix'><div class='banners-wrapper' ><div class=\"wrapper-circle\"><div class=\"wrapper-circle-offers ih-item circle style-offers-four effect5\"><a href=\"#\" class=\"pic_alt\"><div class=\"info-offers pic_alt\"><div class=\"item_content info\" ><div class=\"info-back\" ><div class=\"post_info\"><div class=\"title\"><div class=\"title_part\">Behandlungszeiten<\/div><\/div><div class=\"desc_part\">Montag - Freitag\r\n\r\n10:00 - 18:00\r\nSamstag und Sonntag\r\n\r\ngeschlossen<\/div><\/div><\/div><\/div><div class='img_cont img'><img decoding=\"async\" src=\"https:\/\/kosmetik-taucha.de\/wp-content\/uploads\/2016\/08\/blog_9-370x370.jpg\" alt=\"\" class=\"attachment-new-size size-new-size\"><\/div><\/div><\/a><\/div><\/div><\/div><\/div><\/div><\/div><\/div><\/div><\/div><\/div><\/div><div class='grid_row_content'><div class='row_bg cws-container fullwidth_items_bg no-cusomize-bg'  ><div class='grid_row fullwidth_items no_paddings clearfix' style='padding-top: 90px;padding-bottom: 90px;'><div class=\"\"><div class='grid_col grid_col_12'><div class=\"cols_wrapper\"><div class=\"widget_wrapper\"><div class='ce clearfix'><div class='cws_wrapper_container' >\n<h5 style=\"text-align: center;\">Ich freue mich schon jetzt darauf, Sie verw\u00f6hnen zu d\u00fcrfen und stehe Ihnen f\u00fcr Fragen gerne pers\u00f6nlich oder telefonisch zur Verf\u00fcgung.<\/h5>\n<\/div><\/div><div class='ce clearfix'><div class=\"separator-wrapper\">\t<div  class='separator-container long add_separate' style=''>\n\t\t<div class=\"separator-container-inner\">\n\t\t\t<div class=\"separator-container-left-line\" style=\"height:4px;margin-top:-2px;background-color:#8fdba3;\"><\/div>\n\t\t\t\t<img  src='https:\/\/kosmetik-taucha.de\/wp-content\/uploads\/2016\/11\/sep3_9b3dfbe8f17d89ff64a2927946431c11.png' data-no-retina class='icon' alt \/>\n\t\t\t<div class=\"separator-container-right-line\" style=\"height:4px;margin-top:-2px;background-color:#8fdba3;\"><\/div>\n\t\t<\/div>\n\t<\/div><\/div><\/div><\/div><\/div><\/div><\/div><\/div><\/div><\/div><div class='grid_row_content'><div class='row_bg cws-container no-cusomize-bg grid_row_cont'  ><div class='grid_row clearfix' style='padding-bottom: 90px;'><div class=\"\"><div class='grid_col grid_col_4'><div class=\"cols_wrapper\"><div class=\"widget_wrapper\"><\/div><\/div><\/div><div class='grid_col grid_col_4'><div class=\"cols_wrapper\"><div class=\"widget_wrapper\"><div class='ce clearfix'><div class='cws_wrapper_container' >\n<p class=\"ce_sub_title und-title white\" style=\"text-align: center;\">Kontaktdaten<\/p>\n<p style=\"text-align: center;\">Leipziger Stra\u00dfe 37 \/\/ 04425 Taucha<\/p>\n<p style=\"text-align: center;\">1. Etage links, Eingangst\u00fcr Sch\u00fclerhilfe<\/p>\n<p style=\"text-align: center;\">Tel. 0176 64390292<\/p>\n<p style=\"text-align: center;\">sylkebauerbb@web.de<\/p>\n<\/div><\/div><\/div><\/div><\/div><\/div><\/div><\/div><\/div><div class='grid_row_content'><div class='row_bg cws-container fullwidth_items_bg no-cusomize-bg' ><div class='grid_row fullwidth_items no_paddings clearfix'><div class=\"\"><div class='grid_col grid_col_12'><div class=\"cols_wrapper\"><div class=\"widget_wrapper\"><div class='ce clearfix'><div class='cws_wrapper_container' >\n\n<\/div><\/div><\/div><\/div><\/div><\/div><\/div><\/div><\/div>","protected":false},"excerpt":{"rendered":"","protected":false},"author":1,"featured_media":0,"parent":0,"menu_order":0,"comment_status":"closed","ping_status":"closed","template":"","meta":{"footnotes":""},"class_list":["post-2428","page","type-page","status-publish","hentry"],"_links":{"self":[{"href":"https:\/\/kosmetik-taucha.de\/index.php?rest_route=\/wp\/v2\/pages\/2428","targetHints":{"allow":["GET"]}}],"collection":[{"href":"https:\/\/kosmetik-taucha.de\/index.php?rest_route=\/wp\/v2\/pages"}],"about":[{"href":"https:\/\/kosmetik-taucha.de\/index.php?rest_route=\/wp\/v2\/types\/page"}],"author":[{"embeddable":true,"href":"https:\/\/kosmetik-taucha.de\/index.php?rest_route=\/wp\/v2\/users\/1"}],"replies":[{"embeddable":true,"href":"https:\/\/kosmetik-taucha.de\/index.php?rest_route=%2Fwp%2Fv2%2Fcomments&post=2428"}],"version-history":[{"count":22,"href":"https:\/\/kosmetik-taucha.de\/index.php?rest_route=\/wp\/v2\/pages\/2428\/revisions"}],"predecessor-version":[{"id":4558,"href":"https:\/\/kosmetik-taucha.de\/index.php?rest_route=\/wp\/v2\/pages\/2428\/revisions\/4558"}],"wp:attachment":[{"href":"https:\/\/kosmetik-taucha.de\/index.php?rest_route=%2Fwp%2Fv2%2Fmedia&parent=2428"}],"curies":[{"name":"wp","href":"https:\/\/api.w.org\/{rel}","templated":true}]}}