{"id":2422,"date":"2016-08-18T14:51:39","date_gmt":"2016-08-18T14:51:39","guid":{"rendered":"http:\/\/kosmetik-taucha.de\/?page_id=2422"},"modified":"2021-10-28T19:29:39","modified_gmt":"2021-10-28T19:29:39","slug":"about-us","status":"publish","type":"page","link":"https:\/\/kosmetik-taucha.de\/?page_id=2422","title":{"rendered":"Mein Salon"},"content":{"rendered":"<div class='grid_row_content'><div class='row_bg cws-container no-cusomize-bg' ><div class='grid_row clearfix'><div class=\"\"><div class='grid_col grid_col_4'><div class=\"cols_wrapper\"><div class=\"widget_wrapper\"><div class='ce clearfix'><div class='cws_wrapper_container' style='padding-top: 50px;'>\n\n<img loading=\"lazy\" decoding=\"async\" class=\"wp-image-4220 aligncenter\" src=\"http:\/\/kosmetik-taucha.de\/wp-content\/uploads\/2017\/11\/IMG_9003-300x200.jpg\" alt=\"beauty.balance.kosmetik.taucha.vegetodynamik\" width=\"377\" height=\"251\" srcset=\"https:\/\/kosmetik-taucha.de\/wp-content\/uploads\/2017\/11\/IMG_9003-300x200.jpg 300w, https:\/\/kosmetik-taucha.de\/wp-content\/uploads\/2017\/11\/IMG_9003-768x512.jpg 768w, https:\/\/kosmetik-taucha.de\/wp-content\/uploads\/2017\/11\/IMG_9003-1024x683.jpg 1024w, https:\/\/kosmetik-taucha.de\/wp-content\/uploads\/2017\/11\/IMG_9003.jpg 1200w\" sizes=\"auto, (max-width: 377px) 100vw, 377px\" \/>\n\n<\/div><\/div><\/div><\/div><\/div><div class='grid_col grid_col_4'><div class=\"cols_wrapper\"><div class=\"widget_wrapper\"><div class='ce clearfix'><div class='cws_wrapper_container' >\n\n<img loading=\"lazy\" decoding=\"async\" class=\"aligncenter wp-image-4519 size-square-size-medium\" src=\"http:\/\/kosmetik-taucha.de\/wp-content\/uploads\/2021\/10\/neuer-salon3-1-von-1-570x340.jpg\" alt=\"\" width=\"570\" height=\"340\" srcset=\"https:\/\/kosmetik-taucha.de\/wp-content\/uploads\/2021\/10\/neuer-salon3-1-von-1-570x340.jpg 570w, https:\/\/kosmetik-taucha.de\/wp-content\/uploads\/2021\/10\/neuer-salon3-1-von-1-370x220.jpg 370w\" sizes=\"auto, (max-width: 570px) 100vw, 570px\" \/>\n\n<\/div><\/div><\/div><\/div><\/div><div class='grid_col grid_col_4'><div class=\"cols_wrapper\"><div class=\"widget_wrapper\"><div class='ce clearfix'><div class='cws_wrapper_container' style='padding-top: 50px;'>\n\n<img loading=\"lazy\" decoding=\"async\" class=\"wp-image-4187 aligncenter\" src=\"http:\/\/kosmetik-taucha.de\/wp-content\/uploads\/2017\/11\/MG_8867-300x200.jpg\" alt=\"\" width=\"386\" height=\"257\" srcset=\"https:\/\/kosmetik-taucha.de\/wp-content\/uploads\/2017\/11\/MG_8867-300x200.jpg 300w, https:\/\/kosmetik-taucha.de\/wp-content\/uploads\/2017\/11\/MG_8867-768x512.jpg 768w, https:\/\/kosmetik-taucha.de\/wp-content\/uploads\/2017\/11\/MG_8867-1024x683.jpg 1024w, https:\/\/kosmetik-taucha.de\/wp-content\/uploads\/2017\/11\/MG_8867.jpg 1200w\" sizes=\"auto, (max-width: 386px) 100vw, 386px\" \/>\n\n<\/div><\/div><\/div><\/div><\/div><\/div><\/div><\/div><\/div><div class='grid_row_content'><div class='row_bg cws-container def_cont no-cusomize-bg grid_row_cont'  ><div class='grid_row clearfix' style='padding-top: 0px;padding-bottom: 0px;margin-top: 50px;'><div class=\"\"><div class='grid_col grid_col_12'><div class=\"cols_wrapper\"><div class=\"widget_wrapper\"><div class='ce clearfix'><div class='cws_wrapper_container' >\n<h1 class=\"ce_title\" style=\"margin-top: 0px;\">Willkommen\u00a0bei Beauty &amp; Balance<\/h1>\nDie Kombination von kosmetischem Handwerk und vegetodynamischer K\u00f6rperarbeit (nach Wilhelm Reich und Margot Esser) verbindet mehrere Welten &#8211; k\u00f6rperliche mit seelischen, f\u00fchlen und loslassen, \u00f6ffnen und sch\u00fctzen, Schmerz und Linderung, Stillstand und Entwicklung und vieles mehr.\n\nEntspannen Sie in meinen gem\u00fctlichen und hygienischen R\u00e4umlichkeiten und genie\u00dfen Sie den individuellen und freundlichen Service. Ihr Wohlbefinden und Ihre Zufriedenheit sind mein Ziel.\n<p style=\"text-align: center;\"><span style=\"text-decoration: underline;\"><a href=\"http:\/\/kosmetik-taucha.de\/?page_id=2570\">Das Beste f\u00fcr Sie<\/a><\/span>\u00a0 \u00a0 \u00a0<img loading=\"lazy\" decoding=\"async\" class=\"alignnone size-full wp-image-2718\" src=\"http:\/\/kosmetik-taucha.de\/wp-content\/uploads\/2016\/08\/img-line-26.png\" alt=\"img-line-26\" width=\"26\" height=\"9\" \/>\u00a0 \u00a0 \u00a0<span style=\"text-decoration: underline;\"><a href=\"http:\/\/kosmetik-taucha.de\/?page_id=2422\">Die f\u00fchrenden Experten<\/a><\/span>\u00a0 \u00a0 \u00a0<img loading=\"lazy\" decoding=\"async\" class=\"alignnone size-full wp-image-2718\" src=\"http:\/\/kosmetik-taucha.de\/wp-content\/uploads\/2016\/08\/img-line-26.png\" alt=\"img-line-26\" width=\"26\" height=\"9\" \/>\u00a0 \u00a0 \u00a0<span style=\"text-decoration: underline;\"><a href=\"http:\/\/kosmetik-taucha.de\/?page_id=2074\">K\u00fcmmern Sie sich um sich<\/a><\/span><\/p>\n<\/div><\/div><\/div><\/div><\/div><\/div><\/div><\/div><\/div><div class='grid_row_content'><div class='row_bg cws-container fullwidth_items_bg no-cusomize-bg'  ><div class='grid_row fullwidth_items no_paddings clearfix' style='padding-top: 60px;padding-bottom: 90px;'><div class=\"\"><div class='grid_col grid_col_12'><div class=\"cols_wrapper\"><div class=\"widget_wrapper\"><div class='ce clearfix'><div class=\"separator-wrapper\">\t<div  class='separator-container long add_separate' style=''>\n\t\t<div class=\"separator-container-inner\">\n\t\t\t<div class=\"separator-container-left-line\" style=\"height:4px;margin-top:-2px;background-color:#76c08a;\"><\/div>\n\t\t\t\t<img  src='https:\/\/kosmetik-taucha.de\/wp-content\/uploads\/2016\/11\/sep3_9b3dfbe8f17d89ff64a2927946431c11.png' data-no-retina class='icon' alt \/>\n\t\t\t<div class=\"separator-container-right-line\" style=\"height:4px;margin-top:-2px;background-color:#76c08a;\"><\/div>\n\t\t<\/div>\n\t<\/div><\/div><\/div><\/div><\/div><\/div><\/div><\/div><\/div><\/div><div class='grid_row_content'><div class='row_bg cws-container def_cont no-cusomize-bg' ><div class='grid_row clearfix'><div class=\"\"><div class='grid_col grid_col_12'><div class=\"cols_wrapper\"><div class=\"widget_wrapper\"><div class='ce clearfix'><div class='cws_wrapper_container' >\n<h1 class=\"ce_title\">Das bin ich<\/h1>\n<p class=\"ce_sub_title\">Ihr Wohlbefinden ist meine Mission!<\/p>\n<img loading=\"lazy\" decoding=\"async\" class=\"aligncenter wp-image-4268 size-new-size-medium\" src=\"http:\/\/kosmetik-taucha.de\/wp-content\/uploads\/2016\/08\/sylke1-1-von-1-340x340.jpg\" alt=\"\" width=\"340\" height=\"340\" srcset=\"https:\/\/kosmetik-taucha.de\/wp-content\/uploads\/2016\/08\/sylke1-1-von-1-340x340.jpg 340w, https:\/\/kosmetik-taucha.de\/wp-content\/uploads\/2016\/08\/sylke1-1-von-1-150x150.jpg 150w, https:\/\/kosmetik-taucha.de\/wp-content\/uploads\/2016\/08\/sylke1-1-von-1-370x370.jpg 370w, https:\/\/kosmetik-taucha.de\/wp-content\/uploads\/2016\/08\/sylke1-1-von-1-271x271.jpg 271w\" sizes=\"auto, (max-width: 340px) 100vw, 340px\" \/>\n<h1>Sylke Bauer<\/h1>\nMeine Arbeit ist meine Berufung. Mein Wunsch ist es f\u00fcr meine Kunden Harmonie, Lebensfreude und Balance ganzheitlich &#8211; das hei\u00dft K\u00f6rper, Geist und Seele &#8211; in Einklang zu bringen.\n\nAls gelernte Kosmetikerin habe ich viele Jahre in einem Wellnesshotel gearbeitet und konnte somit mein Wissen vertiefen und erweitern.\n\nMir ist es ein Bed\u00fcrfnis meinen Kunden neue Impulse mitzugeben, sie durch meine Anwendungen neue Energie sch\u00f6pfen zu lassen und ein St\u00fcck Leichtigkeit zu vermitteln.\n<h1><\/h1>\n<h1 class=\"ce_title\" style=\"margin-top: 0px;\">Was ich f\u00fcr Sie mache<\/h1>\n<p class=\"ce_sub_title\">Nur f\u00fcr Sie<\/p>\n<\/div><\/div><\/div><\/div><\/div><\/div><\/div><\/div><\/div><div class='grid_row_content'><div class='row_bg cws-container no-cusomize-bg grid_row_cont'  ><div class='grid_row clearfix' style='padding-left: 0px;padding-right: 0px;margin-top: 50px;'><div class=\"\"><div class='grid_col grid_col_4'><div class=\"cols_wrapper\"><div class=\"widget_wrapper\"><div class='ce clearfix'><div class='cws_wrapper_container' style='padding-bottom: 55px;'>\n\n<img loading=\"lazy\" decoding=\"async\" class=\"wp-image-4194 aligncenter\" src=\"http:\/\/kosmetik-taucha.de\/wp-content\/uploads\/2017\/11\/MG_9062-300x200.jpg\" alt=\"beauty.balance.kosmetik.taucha.vegetodynamik\" width=\"414\" height=\"276\" srcset=\"https:\/\/kosmetik-taucha.de\/wp-content\/uploads\/2017\/11\/MG_9062-300x200.jpg 300w, https:\/\/kosmetik-taucha.de\/wp-content\/uploads\/2017\/11\/MG_9062-768x512.jpg 768w, https:\/\/kosmetik-taucha.de\/wp-content\/uploads\/2017\/11\/MG_9062-1024x683.jpg 1024w, https:\/\/kosmetik-taucha.de\/wp-content\/uploads\/2017\/11\/MG_9062.jpg 1200w\" sizes=\"auto, (max-width: 414px) 100vw, 414px\" \/>\n\n<\/div><\/div><div class='ce clearfix'><div class='cws_wrapper_container' >\n<p class=\"ce_sub_title und-title white\" style=\"text-align: center; margin-top: 0px;\">Kosmetikbehandlungen<\/p>\nIch biete eine ganze Reihe an Behandlungen f\u00fcr verschiedene Bereiche an. Ich behandle Sie nur mit ausgesuchten und wertvollen Produkten.\n\n<\/div><\/div><\/div><\/div><\/div><div class='grid_col grid_col_4'><div class=\"cols_wrapper\"><div class=\"widget_wrapper\"><div class='ce clearfix'><div class='cws_wrapper_container' >\n<p style=\"margin-top: 50px;\"><img loading=\"lazy\" decoding=\"async\" class=\"aligncenter wp-image-4517 size-square-size-medium\" src=\"http:\/\/kosmetik-taucha.de\/wp-content\/uploads\/2021\/10\/neuer-salon1-1-von-1-570x340.jpg\" alt=\"\" width=\"570\" height=\"340\" srcset=\"https:\/\/kosmetik-taucha.de\/wp-content\/uploads\/2021\/10\/neuer-salon1-1-von-1-570x340.jpg 570w, https:\/\/kosmetik-taucha.de\/wp-content\/uploads\/2021\/10\/neuer-salon1-1-von-1-370x220.jpg 370w\" sizes=\"auto, (max-width: 570px) 100vw, 570px\" \/><\/p>\n<\/div><\/div><div class='ce clearfix'><div class='cws_wrapper_container' >\n<p class=\"ce_sub_title und-title white\" style=\"text-align: center; margin-top: 0px;\"><span style=\"line-height: 1.5;\">Manik\u00fcre &amp; Pedik\u00fcre<\/span><\/p>\nIhre F\u00fcsse tragen Sie durchs Leben und brauchen Ihre Aufmerksamkeit. Streichelzarte H\u00e4nde durch eine fachgerechte Behandlung.\u00a0G\u00f6nnen Sie sich wohltuende Pflege und Entspannung!\n\n<\/div><\/div><\/div><\/div><\/div><div class='grid_col grid_col_4'><div class=\"cols_wrapper\"><div class=\"widget_wrapper\"><div class='ce clearfix'><div class='cws_wrapper_container' style='padding-bottom: 55px;'>\n\n<img loading=\"lazy\" decoding=\"async\" class=\"wp-image-4182 aligncenter\" src=\"http:\/\/kosmetik-taucha.de\/wp-content\/uploads\/2017\/11\/MG_0347-300x200.jpg\" alt=\"\" width=\"453\" height=\"302\" srcset=\"https:\/\/kosmetik-taucha.de\/wp-content\/uploads\/2017\/11\/MG_0347-300x200.jpg 300w, https:\/\/kosmetik-taucha.de\/wp-content\/uploads\/2017\/11\/MG_0347-768x512.jpg 768w, https:\/\/kosmetik-taucha.de\/wp-content\/uploads\/2017\/11\/MG_0347-1024x683.jpg 1024w, https:\/\/kosmetik-taucha.de\/wp-content\/uploads\/2017\/11\/MG_0347.jpg 1200w\" sizes=\"auto, (max-width: 453px) 100vw, 453px\" \/>\n\n<\/div><\/div><div class='ce clearfix'><div class='cws_wrapper_container' >\n<p class=\"ce_sub_title und-title white\" style=\"text-align: center; margin-top: 0px;\">Vegetodynamik<\/p>\nGanzheitliche Entspannung von K\u00f6rper, Geist und Seele mit wohligen D\u00fcften von Aroma\u00f6len,individuell f\u00fcr Sie abgestimmt\n\n<\/div><\/div><\/div><\/div><\/div><\/div><\/div><\/div><\/div><div class='grid_row_content'><div class='row_bg cws-container fullwidth_items_bg no-cusomize-bg'  ><div class='grid_row fullwidth_items no_paddings clearfix' style='padding-top: 80px;padding-bottom: 90px;'><div class=\"\"><div class='grid_col grid_col_12'><div class=\"cols_wrapper\"><div class=\"widget_wrapper\"><div class='ce clearfix'><div class=\"separator-wrapper\">\t<div  class='separator-container long add_separate' style=''>\n\t\t<div class=\"separator-container-inner\">\n\t\t\t<div class=\"separator-container-left-line\" style=\"height:4px;margin-top:-2px;background-color:#8fdba3;\"><\/div>\n\t\t\t\t<img  src='https:\/\/kosmetik-taucha.de\/wp-content\/uploads\/2016\/11\/sep3_9b3dfbe8f17d89ff64a2927946431c11.png' data-no-retina class='icon' alt \/>\n\t\t\t<div class=\"separator-container-right-line\" style=\"height:4px;margin-top:-2px;background-color:#8fdba3;\"><\/div>\n\t\t<\/div>\n\t<\/div><\/div><\/div><\/div><\/div><\/div><\/div><\/div><\/div><\/div><div class='grid_row_content'><div class='row_bg cws-container def_cont no-cusomize-bg' ><div class='grid_row clearfix'><div class=\"\"><div class='grid_col grid_col_12'><div class=\"cols_wrapper\"><div class=\"widget_wrapper\"><div class='ce clearfix'><div class='cws_wrapper_container' >\n<h1 class=\"ce_title\">Wie ich arbeite<\/h1>\n<p class=\"ce_sub_title\">Jeden Tag f\u00fcr Sie<\/p>\n<p style=\"margin-top: 0px; margin-bottom: 0px; text-align: center;\"><em>Die Sch\u00f6nheit findet in jeder Seele ein Zuhause.<\/em><\/p>\n<\/div><\/div><\/div><\/div><\/div><\/div><\/div><\/div><\/div><div class='grid_row_content'><div class='row_bg cws-container no-cusomize-bg grid_row_cont'  ><div class='grid_row clearfix' style='padding-bottom: 30px;margin-top: 50px;'><div class=\"\"><div class='grid_col grid_col_12'><div class=\"cols_wrapper\"><div class=\"widget_wrapper\"><div class='ce clearfix'><div class='banners-wrapper' ><div class=\"wrapper-circle\"><div class=\"wrapper-circle-offers style-offers-three\"><a href=\"#\"><div class=\"img\" ><img style=\"opacity:1\"  src='https:\/\/kosmetik-taucha.de\/wp-content\/uploads\/2017\/11\/MG_8979_cec8361392d7419e12735b0f2ab1b095.jpg' data-at2x='https:\/\/kosmetik-taucha.de\/wp-content\/uploads\/2017\/11\/MG_8979_cec8361392d7419e12735b0f2ab1b095@2x.jpg' alt=\"\" class=\"img-responsive\"><\/div><div class=\"step-txt\">01<\/div><div class=\"info-offers\"><div class=\"text-information\"><div class=\"title\">Salon<\/div><\/div><\/div><\/a><\/div><div class=\"wrapper-circle-offers style-offers-three\"><a href=\"#\"><div class=\"img\" ><img style=\"opacity:1\"  src='https:\/\/kosmetik-taucha.de\/wp-content\/uploads\/2017\/11\/MG_9210_11a5ca032ba63435c407d16cfb6103bc.jpg' data-at2x='https:\/\/kosmetik-taucha.de\/wp-content\/uploads\/2017\/11\/MG_9210_11a5ca032ba63435c407d16cfb6103bc@2x.jpg' alt=\"\" class=\"img-responsive\"><\/div><div class=\"info-offers\"><div class=\"text-information\"><div class=\"title\">Vorbereitung<\/div><\/div><\/div><\/a><\/div><div class=\"wrapper-circle-offers style-offers-three\"><a href=\"#\"><div class=\"img\" ><img style=\"opacity:1\"  src='https:\/\/kosmetik-taucha.de\/wp-content\/uploads\/2017\/11\/MG_9091_300d6171e5698c25538fee233f1e000c.jpg' data-at2x='https:\/\/kosmetik-taucha.de\/wp-content\/uploads\/2017\/11\/MG_9091_300d6171e5698c25538fee233f1e000c@2x.jpg' alt=\"\" class=\"img-responsive\"><\/div><div class=\"step-txt\">03<\/div><div class=\"info-offers\"><div class=\"text-information\"><div class=\"title\">Behandlungen<\/div><\/div><\/div><\/a><\/div><div class=\"wrapper-circle-offers style-offers-three\"><a href=\"#\"><div class=\"img\" ><img style=\"opacity:1\"  src='https:\/\/kosmetik-taucha.de\/wp-content\/uploads\/2017\/11\/MG_0338_59ac24eac4e8c7a25dde9b6cf684c71f.jpg' data-at2x='https:\/\/kosmetik-taucha.de\/wp-content\/uploads\/2017\/11\/MG_0338_59ac24eac4e8c7a25dde9b6cf684c71f@2x.jpg' alt=\"\" class=\"img-responsive\"><\/div><div class=\"step-txt\">04<\/div><div class=\"info-offers\"><div class=\"text-information\"><div class=\"title\">Zufriedenheit<\/div><\/div><\/div><\/a><\/div><\/div><\/div><\/div><\/div><\/div><\/div><\/div><\/div><\/div><\/div>","protected":false},"excerpt":{"rendered":"","protected":false},"author":1,"featured_media":0,"parent":0,"menu_order":0,"comment_status":"closed","ping_status":"closed","template":"","meta":{"footnotes":""},"class_list":["post-2422","page","type-page","status-publish","hentry"],"_links":{"self":[{"href":"https:\/\/kosmetik-taucha.de\/index.php?rest_route=\/wp\/v2\/pages\/2422","targetHints":{"allow":["GET"]}}],"collection":[{"href":"https:\/\/kosmetik-taucha.de\/index.php?rest_route=\/wp\/v2\/pages"}],"about":[{"href":"https:\/\/kosmetik-taucha.de\/index.php?rest_route=\/wp\/v2\/types\/page"}],"author":[{"embeddable":true,"href":"https:\/\/kosmetik-taucha.de\/index.php?rest_route=\/wp\/v2\/users\/1"}],"replies":[{"embeddable":true,"href":"https:\/\/kosmetik-taucha.de\/index.php?rest_route=%2Fwp%2Fv2%2Fcomments&post=2422"}],"version-history":[{"count":20,"href":"https:\/\/kosmetik-taucha.de\/index.php?rest_route=\/wp\/v2\/pages\/2422\/revisions"}],"predecessor-version":[{"id":4521,"href":"https:\/\/kosmetik-taucha.de\/index.php?rest_route=\/wp\/v2\/pages\/2422\/revisions\/4521"}],"wp:attachment":[{"href":"https:\/\/kosmetik-taucha.de\/index.php?rest_route=%2Fwp%2Fv2%2Fmedia&parent=2422"}],"curies":[{"name":"wp","href":"https:\/\/api.w.org\/{rel}","templated":true}]}}