{"id":4450,"date":"2019-08-19T09:24:28","date_gmt":"2019-08-19T09:24:28","guid":{"rendered":"http:\/\/kosmetik-taucha.de\/?page_id=4450"},"modified":"2023-09-12T14:03:32","modified_gmt":"2023-09-12T14:03:32","slug":"fusspflege","status":"publish","type":"page","link":"http:\/\/kosmetik-taucha.de\/?page_id=4450","title":{"rendered":"Fu\u00dfpflege"},"content":{"rendered":"\n<blockquote class=\"wp-block-quote is-layout-flow wp-block-quote-is-layout-flow\">\n<p><strong><em>Ihre F\u00fcsse tragen Sie durchs Leben und brauchen Ihre Aufmerksamkeit. G\u00f6nnen Sie sich wohltuende Pflege und Entspannung!<\/em><\/strong><\/p>\n<\/blockquote>\n\n\n\n<p class=\"has-text-align-center\"><strong>Kosmetische Pedik\u00fcre<\/strong> &#8211; 45 Min.\/ ab 26\u20ac<\/p>\n\n\n\n<p class=\"has-text-align-center\">Aromafu\u00dfbad<\/p>\n\n\n\n<p class=\"has-text-align-center\">Peeling<\/p>\n\n\n\n<p class=\"has-text-align-center\">Nagel- und Hautpflege<\/p>\n\n\n\n<p class=\"has-text-align-center\">Lackieren der N\u00e4gel<\/p>\n\n\n\n<p class=\"has-text-align-center\">Fu\u00dfmassage<\/p>\n\n\n\n<p><\/p>\n\n\n<div class=\"wp-block-image\">\n<figure class=\"aligncenter\"><img loading=\"lazy\" decoding=\"async\" width=\"1024\" height=\"683\" src=\"http:\/\/kosmetik-taucha.de\/wp-content\/uploads\/2018\/05\/sylkew-13-von-15-1024x683.jpg\" alt=\"Fu\u00dfpflege Taucha\" class=\"wp-image-4340\" srcset=\"http:\/\/kosmetik-taucha.de\/wp-content\/uploads\/2018\/05\/sylkew-13-von-15-1024x683.jpg 1024w, http:\/\/kosmetik-taucha.de\/wp-content\/uploads\/2018\/05\/sylkew-13-von-15-300x200.jpg 300w, http:\/\/kosmetik-taucha.de\/wp-content\/uploads\/2018\/05\/sylkew-13-von-15-768x512.jpg 768w, http:\/\/kosmetik-taucha.de\/wp-content\/uploads\/2018\/05\/sylkew-13-von-15.jpg 1200w\" sizes=\"auto, (max-width: 1024px) 100vw, 1024px\" \/><figcaption class=\"wp-element-caption\">geschmeidig weiche F\u00fc\u00dfe<\/figcaption><\/figure>\n<\/div>","protected":false},"excerpt":{"rendered":"<p>Ihre F\u00fcsse tragen Sie durchs Leben und brauchen Ihre Aufmerksamkeit. G\u00f6nnen Sie sich wohltuende Pflege und Entspannung! Kosmetische Pedik\u00fcre &#8211; 45 Min.\/ ab 26\u20ac Aromafu\u00dfbad Peeling Nagel- und Hautpflege Lackieren der N\u00e4gel Fu\u00dfmassage<\/p>\n","protected":false},"author":1,"featured_media":4340,"parent":2570,"menu_order":0,"comment_status":"closed","ping_status":"closed","template":"","meta":{"footnotes":""},"class_list":["post-4450","page","type-page","status-publish","has-post-thumbnail","hentry"],"_links":{"self":[{"href":"http:\/\/kosmetik-taucha.de\/index.php?rest_route=\/wp\/v2\/pages\/4450","targetHints":{"allow":["GET"]}}],"collection":[{"href":"http:\/\/kosmetik-taucha.de\/index.php?rest_route=\/wp\/v2\/pages"}],"about":[{"href":"http:\/\/kosmetik-taucha.de\/index.php?rest_route=\/wp\/v2\/types\/page"}],"author":[{"embeddable":true,"href":"http:\/\/kosmetik-taucha.de\/index.php?rest_route=\/wp\/v2\/users\/1"}],"replies":[{"embeddable":true,"href":"http:\/\/kosmetik-taucha.de\/index.php?rest_route=%2Fwp%2Fv2%2Fcomments&post=4450"}],"version-history":[{"count":17,"href":"http:\/\/kosmetik-taucha.de\/index.php?rest_route=\/wp\/v2\/pages\/4450\/revisions"}],"predecessor-version":[{"id":4542,"href":"http:\/\/kosmetik-taucha.de\/index.php?rest_route=\/wp\/v2\/pages\/4450\/revisions\/4542"}],"up":[{"embeddable":true,"href":"http:\/\/kosmetik-taucha.de\/index.php?rest_route=\/wp\/v2\/pages\/2570"}],"wp:featuredmedia":[{"embeddable":true,"href":"http:\/\/kosmetik-taucha.de\/index.php?rest_route=\/wp\/v2\/media\/4340"}],"wp:attachment":[{"href":"http:\/\/kosmetik-taucha.de\/index.php?rest_route=%2Fwp%2Fv2%2Fmedia&parent=4450"}],"curies":[{"name":"wp","href":"https:\/\/api.w.org\/{rel}","templated":true}]}}